{"id":2389,"date":"2021-09-02T11:04:38","date_gmt":"2021-09-02T11:04:38","guid":{"rendered":"http:\/\/rx1.arkhame-web.com\/?page_id=2389"},"modified":"2022-05-16T22:20:24","modified_gmt":"2022-05-16T22:20:24","slug":"equipment","status":"publish","type":"page","link":"https:\/\/rx1nation.com\/en\/nation-tour-rx1\/equipment\/","title":{"rendered":"Equipment"},"content":{"rendered":"<p>[vc_row el_class=&#8221;bloc-page-content-top&#8221;][vc_column width=&#8221;1\/4&#8243; el_class=&#8221;bloc-page-left-menu&#8221;][vc_widget_sidebar sidebar_id=&#8221;sb572_1918dsn&#8221;][\/vc_column][vc_column width=&#8221;3\/4&#8243;][vc_column_text]<\/p>\n<h1 class=\"title-page-h1\">Nation Tour RX1<\/h1>\n<p>[\/vc_column_text][vc_column_text]Le but du Nation Tour RX1 est de cumuler des points et de repousser ses limites mais surtout, d\u2019avoir du plaisir tout en bougeant dans une atmosph\u00e8re de camaraderie parmi la grande communaut\u00e9 d&#8217;athl\u00e8tes passionn\u00e9s de RX1 Nation.<\/p>\n<p>La s\u00e9rie d&#8217;\u00e9v\u00e9nements sportifs \u00e0 mouvements fonctionnels Nation Tour RX1 se d\u00e9roule du mois d&#8217;avril au mois de septembre, et ce, dans 5 r\u00e9gions du Qu\u00e9bec. Sait-on jamais, tu remporteras peut-\u00eatre un troph\u00e9e lors de notre prestigieuse soir\u00e9e de gala en fin de saison. Il ne te reste qu\u2019\u00e0 choisir ta ligue!<br \/>\n[\/vc_column_text][\/vc_column][\/vc_row][vc_row bg_type=&#8221;image&#8221; bg_image=&#8221;364&#8243; el_class=&#8221;call-bottom-yellow&#8221; margin_bottom=&#8221;0px&#8221;][vc_column][vc_column_text]<\/p>\n<h3 class=\"call-to-action-yellow nation-tour-h3\">Une bonne technique<br \/>\npour de bonnes performances<\/h3>\n<p>[\/vc_column_text][vc_row_inner][vc_column_inner el_class=&#8221;row.text-call-to-action-yellow-nation-tour&#8221;][vc_column_text]<\/p>\n<p class=\"text-call-to-action-yellow-nation-tour\">Fais partie de l\u2019\u00e9quipe RX1, commence<br \/>\nl\u2019entra\u00eenement et r\u00e9serve ta place maintenant.<\/p>\n<p>[\/vc_column_text][\/vc_column_inner][\/vc_row_inner][vc_row_inner][vc_column_inner el_class=&#8221;bloc-call-to-action-nation-tour-btn-hidden&#8221; width=&#8221;1\/4&#8243;][\/vc_column_inner][vc_column_inner el_class=&#8221;bloc-call-to-action-nation-tour-btn padd-right-call&#8221; width=&#8221;1\/4&#8243;]<div class=\"grve-element grve-align-center button-call-to-action-yellow page-nation-tour\"><a href=\"\/evenements-rx1\/\" title=\"\u00c9v\u00e9nements RX1\" class=\"grve-btn grve-btn-medium grve-square grve-bg-black grve-bg-hover-black grve-btn-line button-call-to-action-yellow-link\"><span>Inscris-toi<\/span><\/a><\/div>[\/vc_column_inner][vc_column_inner el_class=&#8221;bloc-call-to-action-nation-tour-btn padd-left-call&#8221; width=&#8221;1\/4&#8243;]<div class=\"grve-element grve-align-center button-call-to-action-yellow page-nation-tour\"><a href=\"\/evenements-rx1\/\" title=\"\u00c9v\u00e9nements RX1\" class=\"grve-btn grve-btn-medium grve-square grve-bg-black grve-bg-hover-black grve-btn-line button-call-to-action-yellow-link\"><span>Voir nos \u00e9v\u00e9nements<\/span><\/a><\/div>[\/vc_column_inner][vc_column_inner el_class=&#8221;bloc-call-to-action-nation-tour-btn-hidden&#8221; width=&#8221;1\/4&#8243;][\/vc_column_inner][\/vc_row_inner][\/vc_column][\/vc_row][vc_row bg_type=&#8221;color&#8221; el_class=&#8221;Row-footer-newsletter&#8221; bg_color=&#8221;#000000&#8243; margin_bottom=&#8221;0px&#8221;][vc_column width=&#8221;1\/3&#8243; el_class=&#8221;Row-footer-newsletter-left&#8221;][vc_widget_sidebar sidebar_id=&#8221;sb572_1707ruf&#8221;][\/vc_column][vc_column width=&#8221;2\/3&#8243; el_class=&#8221;Row-footer-newsletter-right&#8221;][vc_widget_sidebar sidebar_id=&#8221;sb572_1827uxa&#8221;][\/vc_column][\/vc_row][vc_row bg_type=&#8221;image&#8221; bg_image=&#8221;52&#8243; bg_position=&#8221;left-center&#8221; el_class=&#8221;Footer-bottom-top&#8221; margin_bottom=&#8221;0px&#8221;][vc_column][vc_row_inner][vc_column_inner el_class=&#8221;bloc-footer-top-0&#8243; width=&#8221;1\/5&#8243;][vc_widget_sidebar sidebar_id=&#8221;sb572_944fze&#8221;][\/vc_column_inner][vc_column_inner el_class=&#8221;bloc-footer-top-1&#8243; width=&#8221;1\/5&#8243;][vc_widget_sidebar sidebar_id=&#8221;sb572_1137bpr&#8221;][\/vc_column_inner][vc_column_inner el_class=&#8221;bloc-footer-top-2&#8243; width=&#8221;1\/5&#8243;][vc_widget_sidebar sidebar_id=&#8221;sb572_1012xae&#8221;][\/vc_column_inner][vc_column_inner el_class=&#8221;bloc-footer-top-3&#8243; width=&#8221;1\/5&#8243;][vc_widget_sidebar sidebar_id=&#8221;sb572_1227pqy&#8221;][\/vc_column_inner][vc_column_inner el_class=&#8221;bloc-footer-top-4&#8243; width=&#8221;1\/5&#8243;][vc_widget_sidebar sidebar_id=&#8221;sb572_1303qed&#8221;][\/vc_column_inner][\/vc_row_inner][vc_empty_space height=&#8221;40px&#8221;][vc_row_inner el_class=&#8221;bloc-border-footer-all-desktop&#8221;][vc_column_inner el_class=&#8221;bloc-border-footer-all-desktop-1&#8243; width=&#8221;1\/5&#8243;][vc_empty_space height=&#8221;1px&#8221;][\/vc_column_inner][vc_column_inner el_class=&#8221;bloc-footer-border resp-hidden-border&#8221; width=&#8221;1\/5&#8243;][vc_empty_space height=&#8221;1px&#8221;][\/vc_column_inner][vc_column_inner el_class=&#8221;bloc-footer-border resp-hidden-border&#8221; width=&#8221;1\/5&#8243;][vc_empty_space height=&#8221;1px&#8221;][\/vc_column_inner][vc_column_inner el_class=&#8221;bloc-footer-border resp-hidden-border&#8221; width=&#8221;1\/5&#8243;][vc_empty_space height=&#8221;1px&#8221;][\/vc_column_inner][vc_column_inner el_class=&#8221;bloc-footer-border&#8221; width=&#8221;1\/5&#8243;][vc_empty_space height=&#8221;1px&#8221;][\/vc_column_inner][\/vc_row_inner][vc_row_inner el_class=&#8221;bloc-border-footer-all-responsive&#8221;][vc_column_inner css=&#8221;.vc_custom_1620994253975{border-bottom-width: 1px !important;border-bottom-color: #ffffff !important;border-bottom-style: solid !important;}&#8221;]<div class=\"grve-element grve-image grve-align-center\" style=\"\"><img decoding=\"async\" width=\"902\" height=\"3\" src=\"https:\/\/rx1nation.com\/wp-content\/uploads\/2021\/05\/border-white-responsive.png\" class=\"grve-full-image attachment-full size-full\" alt=\"\" srcset=\"https:\/\/rx1nation.com\/wp-content\/uploads\/2021\/05\/border-white-responsive.png 1x,https:\/\/rx1nation.com\/wp-content\/uploads\/2021\/05\/border-white-responsive.png 2x\" \/><\/div>[\/vc_column_inner][\/vc_row_inner][vc_empty_space height=&#8221;40px&#8221;][vc_row_inner el_class=&#8221;bloc-partenaires-footer&#8221;][vc_column_inner el_class=&#8221;footer-partenaires-logo-1&#8243; width=&#8221;1\/5&#8243;][vc_widget_sidebar sidebar_id=&#8221;sb58_2756ktb&#8221;][\/vc_column_inner][vc_column_inner el_class=&#8221;footer-partenaires-logo-2&#8243; width=&#8221;1\/5&#8243;][vc_widget_sidebar sidebar_id=&#8221;sb572_767jtf&#8221;][\/vc_column_inner][vc_column_inner el_class=&#8221;footer-partenaires-logo-3&#8243; width=&#8221;1\/5&#8243;][vc_widget_sidebar sidebar_id=&#8221;sb572_858xdf&#8221;][\/vc_column_inner][vc_column_inner el_class=&#8221;footer-partenaires-logo-4&#8243; width=&#8221;1\/5&#8243;][vc_widget_sidebar sidebar_id=&#8221;sb583_3069mvr&#8221;][\/vc_column_inner][vc_column_inner el_class=&#8221;footer-partenaires-logo-5&#8243; width=&#8221;1\/5&#8243;][vc_widget_sidebar sidebar_id=&#8221;sb583_3166jrl&#8221;][\/vc_column_inner][\/vc_row_inner][\/vc_column][\/vc_row][vc_row bg_type=&#8221;color&#8221; footer_feature=&#8221;yes&#8221; font_color=&#8221;#ffffff&#8221; bg_color=&#8221;#000000&#8243; margin_bottom=&#8221;0px&#8221; el_class=&#8221;footer-bottom-row-padding&#8221;][vc_column width=&#8221;1\/5&#8243; el_class=&#8221;footer-bottom-row-single-0&#8243;][vc_widget_sidebar sidebar_id=&#8221;sb572_587sqv&#8221;][\/vc_column][vc_column width=&#8221;1\/5&#8243; el_class=&#8221;footer-bottom-row-single-1&#8243;][vc_widget_sidebar sidebar_id=&#8221;sb572_119znb&#8221;][\/vc_column][vc_column width=&#8221;1\/5&#8243; el_class=&#8221;footer-bottom-row-single-2&#8243;][vc_widget_sidebar sidebar_id=&#8221;sb572_258uho&#8221;][\/vc_column][vc_column width=&#8221;1\/5&#8243; el_class=&#8221;footer-bottom-row-single-3&#8243;][vc_widget_sidebar sidebar_id=&#8221;sb572_317lvi&#8221;][\/vc_column][vc_column width=&#8221;1\/5&#8243; el_class=&#8221;footer-bottom-row-single-4&#8243;][vc_widget_sidebar sidebar_id=&#8221;sb572_484xfq&#8221;][\/vc_column][\/vc_row]<\/p>\n","protected":false},"excerpt":{"rendered":"<p>[vc_row el_class=&#8221;bloc-page-content-top&#8221;][vc_column width=&#8221;1\/4&#8243; el_class=&#8221;bloc-page-left-menu&#8221;][vc_widget_sidebar sidebar_id=&#8221;sb572_1918dsn&#8221;][\/vc_column][vc_column width=&#8221;3\/4&#8243;][vc_column_text] Nation Tour RX1 [\/vc_column_text][vc_column_text]Le but du Nation Tour RX1 est de cumuler des points et de repousser ses limites mais surtout, d\u2019avoir du plaisir tout en bougeant dans une atmosph\u00e8re de camaraderie parmi la grande communaut\u00e9 d&#8217;athl\u00e8tes passionn\u00e9s de RX1 Nation. La s\u00e9rie d&#8217;\u00e9v\u00e9nements sportifs \u00e0 mouvements fonctionnels Nation [&hellip;]<\/p>\n","protected":false},"author":1,"featured_media":0,"parent":2382,"menu_order":0,"comment_status":"closed","ping_status":"closed","template":"","meta":{"footnotes":""},"categories":[53],"tags":[],"class_list":["post-2389","page","type-page","status-publish","hentry","category-nation-tour-rx1-en"],"yoast_head":"<!-- This site is optimized with the Yoast SEO plugin v27.1.1 - https:\/\/yoast.com\/product\/yoast-seo-wordpress\/ -->\n<title>Equipment - RX1 NATION<\/title>\n<meta name=\"robots\" content=\"index, follow, max-snippet:-1, max-image-preview:large, max-video-preview:-1\" \/>\n<link rel=\"canonical\" href=\"https:\/\/rx1nation.com\/nation-tour-rx1\/materiel\/\" \/>\n<meta property=\"og:locale\" content=\"en_US\" \/>\n<meta property=\"og:type\" content=\"article\" \/>\n<meta property=\"og:title\" content=\"Equipment - RX1 NATION\" \/>\n<meta property=\"og:description\" content=\"[vc_row el_class=&#8221;bloc-page-content-top&#8221;][vc_column width=&#8221;1\/4&#8243; el_class=&#8221;bloc-page-left-menu&#8221;][vc_widget_sidebar sidebar_id=&#8221;sb572_1918dsn&#8221;][\/vc_column][vc_column width=&#8221;3\/4&#8243;][vc_column_text] Nation Tour RX1 [\/vc_column_text][vc_column_text]Le but du Nation Tour RX1 est de cumuler des points et de repousser ses limites mais surtout, d\u2019avoir du plaisir tout en bougeant dans une atmosph\u00e8re de camaraderie parmi la grande communaut\u00e9 d&#8217;athl\u00e8tes passionn\u00e9s de RX1 Nation. La s\u00e9rie d&#8217;\u00e9v\u00e9nements sportifs \u00e0 mouvements fonctionnels Nation [&hellip;]\" \/>\n<meta property=\"og:url\" content=\"https:\/\/rx1nation.com\/nation-tour-rx1\/materiel\/\" \/>\n<meta property=\"og:site_name\" content=\"RX1 NATION\" \/>\n<meta property=\"article:modified_time\" content=\"2022-05-16T22:20:24+00:00\" \/>\n<meta name=\"twitter:card\" content=\"summary_large_image\" \/>\n<meta name=\"twitter:label1\" content=\"Est. reading time\" \/>\n\t<meta name=\"twitter:data1\" content=\"4 minutes\" \/>\n<script type=\"application\/ld+json\" class=\"yoast-schema-graph\">{\"@context\":\"https:\/\/schema.org\",\"@graph\":[{\"@type\":\"WebPage\",\"@id\":\"https:\/\/rx1nation.com\/nation-tour-rx1\/materiel\/\",\"url\":\"https:\/\/rx1nation.com\/nation-tour-rx1\/materiel\/\",\"name\":\"Equipment - RX1 NATION\",\"isPartOf\":{\"@id\":\"https:\/\/rx1nation.com\/#website\"},\"datePublished\":\"2021-09-02T11:04:38+00:00\",\"dateModified\":\"2022-05-16T22:20:24+00:00\",\"breadcrumb\":{\"@id\":\"https:\/\/rx1nation.com\/nation-tour-rx1\/materiel\/#breadcrumb\"},\"inLanguage\":\"en-US\",\"potentialAction\":[{\"@type\":\"ReadAction\",\"target\":[\"https:\/\/rx1nation.com\/nation-tour-rx1\/materiel\/\"]}]},{\"@type\":\"BreadcrumbList\",\"@id\":\"https:\/\/rx1nation.com\/nation-tour-rx1\/materiel\/#breadcrumb\",\"itemListElement\":[{\"@type\":\"ListItem\",\"position\":1,\"name\":\"Accueil\",\"item\":\"https:\/\/rx1nation.com\/en\/\"},{\"@type\":\"ListItem\",\"position\":2,\"name\":\"Nation Tour RX1\",\"item\":\"https:\/\/rx1nation.com\/en\/nation-tour-rx1\/\"},{\"@type\":\"ListItem\",\"position\":3,\"name\":\"Equipment\"}]},{\"@type\":\"WebSite\",\"@id\":\"https:\/\/rx1nation.com\/#website\",\"url\":\"https:\/\/rx1nation.com\/\",\"name\":\"RX1 NATION\",\"description\":\"\u00c9v\u00e9nements sportifs\",\"potentialAction\":[{\"@type\":\"SearchAction\",\"target\":{\"@type\":\"EntryPoint\",\"urlTemplate\":\"https:\/\/rx1nation.com\/?s={search_term_string}\"},\"query-input\":{\"@type\":\"PropertyValueSpecification\",\"valueRequired\":true,\"valueName\":\"search_term_string\"}}],\"inLanguage\":\"en-US\"}]}<\/script>\n<!-- \/ Yoast SEO plugin. -->","yoast_head_json":{"title":"Equipment - RX1 NATION","robots":{"index":"index","follow":"follow","max-snippet":"max-snippet:-1","max-image-preview":"max-image-preview:large","max-video-preview":"max-video-preview:-1"},"canonical":"https:\/\/rx1nation.com\/nation-tour-rx1\/materiel\/","og_locale":"en_US","og_type":"article","og_title":"Equipment - RX1 NATION","og_description":"[vc_row el_class=&#8221;bloc-page-content-top&#8221;][vc_column width=&#8221;1\/4&#8243; el_class=&#8221;bloc-page-left-menu&#8221;][vc_widget_sidebar sidebar_id=&#8221;sb572_1918dsn&#8221;][\/vc_column][vc_column width=&#8221;3\/4&#8243;][vc_column_text] Nation Tour RX1 [\/vc_column_text][vc_column_text]Le but du Nation Tour RX1 est de cumuler des points et de repousser ses limites mais surtout, d\u2019avoir du plaisir tout en bougeant dans une atmosph\u00e8re de camaraderie parmi la grande communaut\u00e9 d&#8217;athl\u00e8tes passionn\u00e9s de RX1 Nation. La s\u00e9rie d&#8217;\u00e9v\u00e9nements sportifs \u00e0 mouvements fonctionnels Nation [&hellip;]","og_url":"https:\/\/rx1nation.com\/nation-tour-rx1\/materiel\/","og_site_name":"RX1 NATION","article_modified_time":"2022-05-16T22:20:24+00:00","twitter_card":"summary_large_image","twitter_misc":{"Est. reading time":"4 minutes"},"schema":{"@context":"https:\/\/schema.org","@graph":[{"@type":"WebPage","@id":"https:\/\/rx1nation.com\/nation-tour-rx1\/materiel\/","url":"https:\/\/rx1nation.com\/nation-tour-rx1\/materiel\/","name":"Equipment - RX1 NATION","isPartOf":{"@id":"https:\/\/rx1nation.com\/#website"},"datePublished":"2021-09-02T11:04:38+00:00","dateModified":"2022-05-16T22:20:24+00:00","breadcrumb":{"@id":"https:\/\/rx1nation.com\/nation-tour-rx1\/materiel\/#breadcrumb"},"inLanguage":"en-US","potentialAction":[{"@type":"ReadAction","target":["https:\/\/rx1nation.com\/nation-tour-rx1\/materiel\/"]}]},{"@type":"BreadcrumbList","@id":"https:\/\/rx1nation.com\/nation-tour-rx1\/materiel\/#breadcrumb","itemListElement":[{"@type":"ListItem","position":1,"name":"Accueil","item":"https:\/\/rx1nation.com\/en\/"},{"@type":"ListItem","position":2,"name":"Nation Tour RX1","item":"https:\/\/rx1nation.com\/en\/nation-tour-rx1\/"},{"@type":"ListItem","position":3,"name":"Equipment"}]},{"@type":"WebSite","@id":"https:\/\/rx1nation.com\/#website","url":"https:\/\/rx1nation.com\/","name":"RX1 NATION","description":"\u00c9v\u00e9nements sportifs","potentialAction":[{"@type":"SearchAction","target":{"@type":"EntryPoint","urlTemplate":"https:\/\/rx1nation.com\/?s={search_term_string}"},"query-input":{"@type":"PropertyValueSpecification","valueRequired":true,"valueName":"search_term_string"}}],"inLanguage":"en-US"}]}},"_links":{"self":[{"href":"https:\/\/rx1nation.com\/en\/wp-json\/wp\/v2\/pages\/2389","targetHints":{"allow":["GET"]}}],"collection":[{"href":"https:\/\/rx1nation.com\/en\/wp-json\/wp\/v2\/pages"}],"about":[{"href":"https:\/\/rx1nation.com\/en\/wp-json\/wp\/v2\/types\/page"}],"author":[{"embeddable":true,"href":"https:\/\/rx1nation.com\/en\/wp-json\/wp\/v2\/users\/1"}],"replies":[{"embeddable":true,"href":"https:\/\/rx1nation.com\/en\/wp-json\/wp\/v2\/comments?post=2389"}],"version-history":[{"count":0,"href":"https:\/\/rx1nation.com\/en\/wp-json\/wp\/v2\/pages\/2389\/revisions"}],"up":[{"embeddable":true,"href":"https:\/\/rx1nation.com\/en\/wp-json\/wp\/v2\/pages\/2382"}],"wp:attachment":[{"href":"https:\/\/rx1nation.com\/en\/wp-json\/wp\/v2\/media?parent=2389"}],"wp:term":[{"taxonomy":"category","embeddable":true,"href":"https:\/\/rx1nation.com\/en\/wp-json\/wp\/v2\/categories?post=2389"},{"taxonomy":"post_tag","embeddable":true,"href":"https:\/\/rx1nation.com\/en\/wp-json\/wp\/v2\/tags?post=2389"}],"curies":[{"name":"wp","href":"https:\/\/api.w.org\/{rel}","templated":true}]}}